{"id":19,"date":"2020-09-19T12:42:16","date_gmt":"2020-09-19T18:42:16","guid":{"rendered":"https:\/\/doctoradoenadmon.uacya-uaz.org\/?page_id=19"},"modified":"2020-10-14T17:43:08","modified_gmt":"2020-10-14T23:43:08","slug":"inicio","status":"publish","type":"page","link":"https:\/\/doctoradoenadmon.uacya-uaz.org\/","title":{"rendered":"1. Inicio"},"content":{"rendered":"\t\t<div data-elementor-type=\"wp-page\" data-elementor-id=\"19\" class=\"elementor elementor-19\" data-elementor-settings=\"[]\">\n\t\t\t\t\t\t<div class=\"elementor-inner\">\n\t\t\t\t\t\t\t<div class=\"elementor-section-wrap\">\n\t\t\t\t\t\t\t<section class=\"elementor-section elementor-top-section elementor-element elementor-element-46f0edd9 elementor-section-content-middle elementor-section-boxed elementor-section-height-default elementor-section-height-default\" data-id=\"46f0edd9\" data-element_type=\"section\" data-settings=\"{&quot;background_background&quot;:&quot;classic&quot;}\">\n\t\t\t\t\t\t<div class=\"elementor-container elementor-column-gap-no\">\n\t\t\t\t\t\t\t<div class=\"elementor-row\">\n\t\t\t\t\t<div class=\"elementor-column elementor-col-100 elementor-top-column elementor-element elementor-element-48445d7b\" data-id=\"48445d7b\" data-element_type=\"column\">\n\t\t\t<div class=\"elementor-column-wrap elementor-element-populated\">\n\t\t\t\t\t\t\t<div class=\"elementor-widget-wrap\">\n\t\t\t\t\t\t<div class=\"elementor-element elementor-element-28281712 elementor-widget elementor-widget-heading\" data-id=\"28281712\" data-element_type=\"widget\" data-widget_type=\"heading.default\">\n\t\t\t\t<div class=\"elementor-widget-container\">\n\t\t\t<h4 class=\"elementor-heading-title elementor-size-default\">Presentaci\u00f3n<\/h4>\t\t<\/div>\n\t\t\t\t<\/div>\n\t\t\t\t<div class=\"elementor-element elementor-element-5867cd33 elementor-widget elementor-widget-text-editor\" data-id=\"5867cd33\" data-element_type=\"widget\" data-widget_type=\"text-editor.default\">\n\t\t\t\t<div class=\"elementor-widget-container\">\n\t\t\t\t\t<div class=\"elementor-text-editor elementor-clearfix\"><p>La formaci\u00f3n acad\u00e9mica de recursos humanos altamente calificados se ha convertido en la actualidad en un elemento clave para el crecimiento econ\u00f3mico y desarrollo de los pa\u00edses en el mundo. En M\u00e9xico, esta situaci\u00f3n ha sido reconocida al promover programas de mejoramiento en la calidad de la oferta educativa a nivel superior. As\u00ed, en los ejes tem\u00e1ticos referentes a la educaci\u00f3n del Plan Nacional de Desarrollo 2007-2012 y el Plan Estatal de Desarrollo para Zacatecas 2011-2016 puede observarse esa convicci\u00f3n. En este \u00faltimo, se acepta que el desarrollo de las sociedades se encuentra en el impulso de las econom\u00edas del conocimiento, que permitan generar nuevas y mejores tecnolog\u00edas tendientes a favorecer la competitividad mediante alternativas educativas que sean capaces de promover la formaci\u00f3n cient\u00edfica de profesionales altamente competentes y estrechamente vinculados con sectores productivos de la entidad. El an\u00e1lisis y la reflexi\u00f3n cient\u00edfica desde la perspectiva de las ciencias administrativas y las constantes adecuaciones metodol\u00f3gicas en \u00e1reas espec\u00edficas de generaci\u00f3n del conocimiento, han logrado explicar y resolver diversos problemas administrativos en las organizaciones, aunque sujet\u00e1ndose particularmente a un esquema funcional cerrado e inhibiendo la aplicaci\u00f3n de los instrumentos de indagaci\u00f3n a sistemas de funcionalidad externa; esto es, ver los procesos de mejora en un \u00e1mbito m\u00e1s amplio que pueda involucrar el concepto de desarrollo de las sociedades en su conjunto, entendido \u00e9ste como la capacidad del hombre para sustentar su propio progreso econ\u00f3mico y social sobre una base de uso racional y sustentable de los recursos disponibles, evitando con ello ciertos rasgos de dependencia o aislamiento de su entorno. L<span style=\"font-size: 16px; font-family: var( --e-global-typography-text-font-family ); letter-spacing: 0px;\">a formaci\u00f3n de investigadores en el \u00e1rea de las ciencias administrativas con alto rigor acad\u00e9mico en la orientaci\u00f3n mencionada y los temas investigados, permitir\u00e1 definir propuestas alternativos en la soluci\u00f3n de la problem\u00e1tica estudiada.<\/span><\/p><\/div>\n\t\t\t\t<\/div>\n\t\t\t\t<\/div>\n\t\t\t\t\t\t<\/div>\n\t\t\t\t\t<\/div>\n\t\t<\/div>\n\t\t\t\t\t\t\t\t<\/div>\n\t\t\t\t\t<\/div>\n\t\t<\/section>\n\t\t\t\t<section class=\"elementor-section elementor-top-section elementor-element elementor-element-67865173 elementor-section-content-middle elementor-section-boxed elementor-section-height-default elementor-section-height-default\" data-id=\"67865173\" data-element_type=\"section\" data-settings=\"{&quot;background_background&quot;:&quot;classic&quot;}\">\n\t\t\t\t\t\t\t<div class=\"elementor-background-overlay\"><\/div>\n\t\t\t\t\t\t\t<div class=\"elementor-container elementor-column-gap-no\">\n\t\t\t\t\t\t\t<div class=\"elementor-row\">\n\t\t\t\t\t<div class=\"elementor-column elementor-col-33 elementor-top-column elementor-element elementor-element-3db69727\" data-id=\"3db69727\" data-element_type=\"column\">\n\t\t\t<div class=\"elementor-column-wrap elementor-element-populated\">\n\t\t\t\t\t\t\t<div class=\"elementor-widget-wrap\">\n\t\t\t\t\t\t<div class=\"elementor-element elementor-element-10338786 elementor-view-default elementor-position-top elementor-vertical-align-top elementor-widget elementor-widget-icon-box\" data-id=\"10338786\" data-element_type=\"widget\" data-widget_type=\"icon-box.default\">\n\t\t\t\t<div class=\"elementor-widget-container\">\n\t\t\t\t\t<div class=\"elementor-icon-box-wrapper\">\n\t\t\t\t\t\t<div class=\"elementor-icon-box-icon\">\n\t\t\t\t<span class=\"elementor-icon elementor-animation-\" >\n\t\t\t\t<i aria-hidden=\"true\" class=\"fas fa-bullseye\"><\/i>\t\t\t\t<\/span>\n\t\t\t<\/div>\n\t\t\t\t\t\t<div class=\"elementor-icon-box-content\">\n\t\t\t\t<h3 class=\"elementor-icon-box-title\">\n\t\t\t\t\t<span >Misi\u00f3n<\/span>\n\t\t\t\t<\/h3>\n\t\t\t\t\t\t\t\t<p class=\"elementor-icon-box-description\">Formar investigadores de alto nivel capaces de contribuir al desarrollo del pa\u00eds, mediante la generaci\u00f3n y aplicaci\u00f3n de conocimiento innovador en el campo de la ciencia administrativa, cuyas habilidades permitan identificar problemas de investigaci\u00f3n, integrar y dirigir grupos de investigaci\u00f3n inter y transdisciplinaria en bien de la sociedad y los sectores productivos del estado y la naci\u00f3n, ejerciendo la funci\u00f3n de liderazgo intelectual en gesti\u00f3n para el desarrollo productivo.  <\/p>\n\t\t\t\t\t\t\t<\/div>\n\t\t<\/div>\n\t\t\t\t<\/div>\n\t\t\t\t<\/div>\n\t\t\t\t\t\t<\/div>\n\t\t\t\t\t<\/div>\n\t\t<\/div>\n\t\t\t\t<div class=\"elementor-column elementor-col-33 elementor-top-column elementor-element elementor-element-29aaf0df\" data-id=\"29aaf0df\" data-element_type=\"column\">\n\t\t\t<div class=\"elementor-column-wrap elementor-element-populated\">\n\t\t\t\t\t\t\t<div class=\"elementor-widget-wrap\">\n\t\t\t\t\t\t<div class=\"elementor-element elementor-element-79561b95 elementor-widget elementor-widget-image\" data-id=\"79561b95\" data-element_type=\"widget\" data-widget_type=\"image.default\">\n\t\t\t\t<div class=\"elementor-widget-container\">\n\t\t\t\t\t<div class=\"elementor-image\">\n\t\t\t\t\t\t\t\t\t\t<img width=\"821\" height=\"354\" src=\"https:\/\/doctoradoenadmon.uacya-uaz.org\/wp-content\/uploads\/2020\/09\/fca-escuela.png\" class=\"attachment-full size-full\" alt=\"\" loading=\"lazy\" srcset=\"https:\/\/doctoradoenadmon.uacya-uaz.org\/wp-content\/uploads\/2020\/09\/fca-escuela.png 821w, https:\/\/doctoradoenadmon.uacya-uaz.org\/wp-content\/uploads\/2020\/09\/fca-escuela-300x129.png 300w, https:\/\/doctoradoenadmon.uacya-uaz.org\/wp-content\/uploads\/2020\/09\/fca-escuela-768x331.png 768w\" sizes=\"(max-width: 821px) 100vw, 821px\" \/>\t\t\t\t\t\t\t\t\t\t\t<\/div>\n\t\t\t\t<\/div>\n\t\t\t\t<\/div>\n\t\t\t\t\t\t<\/div>\n\t\t\t\t\t<\/div>\n\t\t<\/div>\n\t\t\t\t<div class=\"elementor-column elementor-col-33 elementor-top-column elementor-element elementor-element-6326b8ff\" data-id=\"6326b8ff\" data-element_type=\"column\">\n\t\t\t<div class=\"elementor-column-wrap elementor-element-populated\">\n\t\t\t\t\t\t\t<div class=\"elementor-widget-wrap\">\n\t\t\t\t\t\t<div class=\"elementor-element elementor-element-8eac7c5 elementor-view-default elementor-position-top elementor-vertical-align-top elementor-widget elementor-widget-icon-box\" data-id=\"8eac7c5\" data-element_type=\"widget\" data-widget_type=\"icon-box.default\">\n\t\t\t\t<div class=\"elementor-widget-container\">\n\t\t\t\t\t<div class=\"elementor-icon-box-wrapper\">\n\t\t\t\t\t\t<div class=\"elementor-icon-box-icon\">\n\t\t\t\t<span class=\"elementor-icon elementor-animation-\" >\n\t\t\t\t<i aria-hidden=\"true\" class=\"fas fa-eye\"><\/i>\t\t\t\t<\/span>\n\t\t\t<\/div>\n\t\t\t\t\t\t<div class=\"elementor-icon-box-content\">\n\t\t\t\t<h3 class=\"elementor-icon-box-title\">\n\t\t\t\t\t<span >visi\u00f3n<\/span>\n\t\t\t\t<\/h3>\n\t\t\t\t\t\t\t\t<p class=\"elementor-icon-box-description\">El Doctorado en Administraci\u00f3n es un programa l\u00edder en la formaci\u00f3n de recursos humanos con alto nivel en la gesti\u00f3n para el desarrollo productivo, a trav\u00e9s de la interacci\u00f3n con su entorno que coadyuvan a resolver los problemas en el \u00e1rea de su especialidad. El impacto social de los egresados es notable. El programa cuenta con personal docente investigador altamente capacitado, l\u00edderes a nivel internacional en sus respectivas l\u00edneas de investigaci\u00f3n, integrados a cuerpos acad\u00e9micos consolidados. <\/p>\n\t\t\t\t\t\t\t<\/div>\n\t\t<\/div>\n\t\t\t\t<\/div>\n\t\t\t\t<\/div>\n\t\t\t\t\t\t<\/div>\n\t\t\t\t\t<\/div>\n\t\t<\/div>\n\t\t\t\t\t\t\t\t<\/div>\n\t\t\t\t\t<\/div>\n\t\t<\/section>\n\t\t\t\t<section class=\"elementor-section elementor-top-section elementor-element elementor-element-5474a678 elementor-section-content-middle elementor-section-boxed elementor-section-height-default elementor-section-height-default\" data-id=\"5474a678\" data-element_type=\"section\" data-settings=\"{&quot;background_background&quot;:&quot;classic&quot;}\">\n\t\t\t\t\t\t<div class=\"elementor-container elementor-column-gap-no\">\n\t\t\t\t\t\t\t<div class=\"elementor-row\">\n\t\t\t\t\t<div class=\"elementor-column elementor-col-100 elementor-top-column elementor-element elementor-element-601eed32\" data-id=\"601eed32\" data-element_type=\"column\">\n\t\t\t<div class=\"elementor-column-wrap elementor-element-populated\">\n\t\t\t\t\t\t\t<div class=\"elementor-widget-wrap\">\n\t\t\t\t\t\t<div class=\"elementor-element elementor-element-6e0f3dfd elementor-widget elementor-widget-heading\" data-id=\"6e0f3dfd\" data-element_type=\"widget\" data-widget_type=\"heading.default\">\n\t\t\t\t<div class=\"elementor-widget-container\">\n\t\t\t<h4 class=\"elementor-heading-title elementor-size-default\">Objetivos<\/h4>\t\t<\/div>\n\t\t\t\t<\/div>\n\t\t\t\t<section class=\"elementor-section elementor-inner-section elementor-element elementor-element-2e63dccf elementor-section-content-top elementor-section-boxed elementor-section-height-default elementor-section-height-default\" data-id=\"2e63dccf\" data-element_type=\"section\">\n\t\t\t\t\t\t<div class=\"elementor-container elementor-column-gap-no\">\n\t\t\t\t\t\t\t<div class=\"elementor-row\">\n\t\t\t\t\t<div class=\"elementor-column elementor-col-50 elementor-inner-column elementor-element elementor-element-4e7d59a5\" data-id=\"4e7d59a5\" data-element_type=\"column\">\n\t\t\t<div class=\"elementor-column-wrap elementor-element-populated\">\n\t\t\t\t\t\t\t<div class=\"elementor-widget-wrap\">\n\t\t\t\t\t\t<div class=\"elementor-element elementor-element-b617bfc elementor-widget elementor-widget-text-editor\" data-id=\"b617bfc\" data-element_type=\"widget\" data-widget_type=\"text-editor.default\">\n\t\t\t\t<div class=\"elementor-widget-container\">\n\t\t\t\t\t<div class=\"elementor-text-editor elementor-clearfix\"><p><span style=\"font-weight: 400;\">Formar investigadores con capacidad te\u00f3rica y metodol\u00f3gica para generar, aplicar y divulgar conocimiento relevante en el campo de la ciencia administrativa en bien del desarrollo del pa\u00eds<\/span><\/p><\/div>\n\t\t\t\t<\/div>\n\t\t\t\t<\/div>\n\t\t\t\t\t\t<\/div>\n\t\t\t\t\t<\/div>\n\t\t<\/div>\n\t\t\t\t<div class=\"elementor-column elementor-col-50 elementor-inner-column elementor-element elementor-element-4a95c70\" data-id=\"4a95c70\" data-element_type=\"column\">\n\t\t\t<div class=\"elementor-column-wrap elementor-element-populated\">\n\t\t\t\t\t\t\t<div class=\"elementor-widget-wrap\">\n\t\t\t\t\t\t<div class=\"elementor-element elementor-element-38486469 elementor-widget elementor-widget-heading\" data-id=\"38486469\" data-element_type=\"widget\" data-widget_type=\"heading.default\">\n\t\t\t\t<div class=\"elementor-widget-container\">\n\t\t\t<h4 class=\"elementor-heading-title elementor-size-default\">2<\/h4>\t\t<\/div>\n\t\t\t\t<\/div>\n\t\t\t\t<div class=\"elementor-element elementor-element-3fd2fe56 elementor-widget elementor-widget-text-editor\" data-id=\"3fd2fe56\" data-element_type=\"widget\" data-widget_type=\"text-editor.default\">\n\t\t\t\t<div class=\"elementor-widget-container\">\n\t\t\t\t\t<div class=\"elementor-text-editor elementor-clearfix\"><p><span style=\"font-weight: 400;\">Formar investigadores y profesionales que ejerzan la funci\u00f3n de liderazgo intelectual en la ciencia administrativa, con las habilidades para dirigir grupos de investigaci\u00f3n y trabajo en redes interdisciplinarias y transdisciplinarias<\/span><\/p><\/div>\n\t\t\t\t<\/div>\n\t\t\t\t<\/div>\n\t\t\t\t\t\t<\/div>\n\t\t\t\t\t<\/div>\n\t\t<\/div>\n\t\t\t\t\t\t\t\t<\/div>\n\t\t\t\t\t<\/div>\n\t\t<\/section>\n\t\t\t\t<section class=\"elementor-section elementor-inner-section elementor-element elementor-element-397103e2 elementor-section-content-top elementor-section-boxed elementor-section-height-default elementor-section-height-default\" data-id=\"397103e2\" data-element_type=\"section\">\n\t\t\t\t\t\t<div class=\"elementor-container elementor-column-gap-no\">\n\t\t\t\t\t\t\t<div class=\"elementor-row\">\n\t\t\t\t\t<div class=\"elementor-column elementor-col-50 elementor-inner-column elementor-element elementor-element-3d268548\" data-id=\"3d268548\" data-element_type=\"column\">\n\t\t\t<div class=\"elementor-column-wrap elementor-element-populated\">\n\t\t\t\t\t\t\t<div class=\"elementor-widget-wrap\">\n\t\t\t\t\t\t<div class=\"elementor-element elementor-element-6cc2be3f elementor-widget elementor-widget-text-editor\" data-id=\"6cc2be3f\" data-element_type=\"widget\" data-widget_type=\"text-editor.default\">\n\t\t\t\t<div class=\"elementor-widget-container\">\n\t\t\t\t\t<div class=\"elementor-text-editor elementor-clearfix\"><p><span style=\"font-weight: 400;\">Promover al programa de doctorado hacia la excelencia acad\u00e9mica mediante la generaci\u00f3n y difusi\u00f3n de conocimiento te\u00f3rico y\/o emp\u00edrico que logre incidir en soluciones pr\u00e1cticas relacionadas con el sector productivo y social del pa\u00eds<\/span><\/p><\/div>\n\t\t\t\t<\/div>\n\t\t\t\t<\/div>\n\t\t\t\t\t\t<\/div>\n\t\t\t\t\t<\/div>\n\t\t<\/div>\n\t\t\t\t<div class=\"elementor-column elementor-col-50 elementor-inner-column elementor-element elementor-element-3dccd839\" data-id=\"3dccd839\" data-element_type=\"column\">\n\t\t\t<div class=\"elementor-column-wrap elementor-element-populated\">\n\t\t\t\t\t\t\t<div class=\"elementor-widget-wrap\">\n\t\t\t\t\t\t<div class=\"elementor-element elementor-element-144d54aa elementor-widget elementor-widget-text-editor\" data-id=\"144d54aa\" data-element_type=\"widget\" data-widget_type=\"text-editor.default\">\n\t\t\t\t<div class=\"elementor-widget-container\">\n\t\t\t\t\t<div class=\"elementor-text-editor elementor-clearfix\"><p><span style=\"font-weight: 400;\">Promover mediante convenios de intercambio acad\u00e9mico y participaci\u00f3n en proyectos de investigaci\u00f3n la formaci\u00f3n de redes de especialistas en gesti\u00f3n del desarrollo productivo, a fin de facilitar la movilidad acad\u00e9mica-investigativa de estudiantes y docentes interna y con otras instituciones nacionales e internacionales<\/span><\/p><\/div>\n\t\t\t\t<\/div>\n\t\t\t\t<\/div>\n\t\t\t\t\t\t<\/div>\n\t\t\t\t\t<\/div>\n\t\t<\/div>\n\t\t\t\t\t\t\t\t<\/div>\n\t\t\t\t\t<\/div>\n\t\t<\/section>\n\t\t\t\t\t\t<\/div>\n\t\t\t\t\t<\/div>\n\t\t<\/div>\n\t\t\t\t\t\t\t\t<\/div>\n\t\t\t\t\t<\/div>\n\t\t<\/section>\n\t\t\t\t<section class=\"elementor-section elementor-top-section elementor-element elementor-element-7c8363f1 elementor-section-height-min-height elementor-section-content-middle elementor-section-boxed elementor-section-height-default elementor-section-items-middle\" data-id=\"7c8363f1\" data-element_type=\"section\" data-settings=\"{&quot;background_background&quot;:&quot;classic&quot;}\">\n\t\t\t\t\t\t\t<div class=\"elementor-background-overlay\"><\/div>\n\t\t\t\t\t\t\t<div class=\"elementor-container elementor-column-gap-no\">\n\t\t\t\t\t\t\t<div class=\"elementor-row\">\n\t\t\t\t\t<div class=\"elementor-column elementor-col-100 elementor-top-column elementor-element elementor-element-2895759a\" data-id=\"2895759a\" data-element_type=\"column\">\n\t\t\t<div class=\"elementor-column-wrap elementor-element-populated\">\n\t\t\t\t\t\t\t<div class=\"elementor-widget-wrap\">\n\t\t\t\t\t\t<div class=\"elementor-element elementor-element-7deed0de elementor-widget elementor-widget-heading\" data-id=\"7deed0de\" data-element_type=\"widget\" data-widget_type=\"heading.default\">\n\t\t\t\t<div class=\"elementor-widget-container\">\n\t\t\t<h2 class=\"elementor-heading-title elementor-size-medium\">ORIENTACI\u00d3N Y L\u00cdNEAS DE INVESTIGACI\u00d3N<\/h2>\t\t<\/div>\n\t\t\t\t<\/div>\n\t\t\t\t<div class=\"elementor-element elementor-element-267291d1 elementor-widget elementor-widget-text-editor\" data-id=\"267291d1\" data-element_type=\"widget\" data-widget_type=\"text-editor.default\">\n\t\t\t\t<div class=\"elementor-widget-container\">\n\t\t\t\t\t<div class=\"elementor-text-editor elementor-clearfix\"><p><span style=\"font-weight: 400;\">La orientaci\u00f3n de este doctorado es la Gesti\u00f3n para el Desarrollo Productivo y tiene las siguientes l\u00edneas de investigaci\u00f3n: <\/span><\/p><\/div>\n\t\t\t\t<\/div>\n\t\t\t\t<\/div>\n\t\t\t\t<section class=\"elementor-section elementor-inner-section elementor-element elementor-element-6845d733 elementor-section-height-min-height elementor-section-content-top elementor-section-boxed elementor-section-height-default\" data-id=\"6845d733\" data-element_type=\"section\">\n\t\t\t\t\t\t<div class=\"elementor-container elementor-column-gap-no\">\n\t\t\t\t\t\t\t<div class=\"elementor-row\">\n\t\t\t\t\t<div class=\"elementor-column elementor-col-33 elementor-inner-column elementor-element elementor-element-5da8b4aa\" data-id=\"5da8b4aa\" data-element_type=\"column\">\n\t\t\t<div class=\"elementor-column-wrap elementor-element-populated\">\n\t\t\t\t\t\t\t<div class=\"elementor-widget-wrap\">\n\t\t\t\t\t\t<div class=\"elementor-element elementor-element-23514f03 elementor-view-default elementor-vertical-align-top elementor-widget elementor-widget-icon-box\" data-id=\"23514f03\" data-element_type=\"widget\" data-widget_type=\"icon-box.default\">\n\t\t\t\t<div class=\"elementor-widget-container\">\n\t\t\t\t\t<div class=\"elementor-icon-box-wrapper\">\n\t\t\t\t\t\t<div class=\"elementor-icon-box-content\">\n\t\t\t\t<h3 class=\"elementor-icon-box-title\">\n\t\t\t\t\t<span >Desarrollo de las organizaciones <\/span>\n\t\t\t\t<\/h3>\n\t\t\t\t\t\t\t\t<p class=\"elementor-icon-box-description\">Esta l\u00ednea de investigaci\u00f3n se orienta al desarrollo de procesos de mejora de las organizaciones a fin de elevar la calidad de sus relaciones con los actores internos y externos. De igual forma se fomenta la investigaci\u00f3n, diagn\u00f3stico y generaci\u00f3n de propuestas de estrategias de cambio en el \u00e1mbito administrativo, que impacten en las \u00e1reas funcionales de los entes organizacionales y coadyuven al logro de sus objetivos<\/p>\n\t\t\t\t\t\t\t<\/div>\n\t\t<\/div>\n\t\t\t\t<\/div>\n\t\t\t\t<\/div>\n\t\t\t\t\t\t<\/div>\n\t\t\t\t\t<\/div>\n\t\t<\/div>\n\t\t\t\t<div class=\"elementor-column elementor-col-33 elementor-inner-column elementor-element elementor-element-715fb4c1\" data-id=\"715fb4c1\" data-element_type=\"column\">\n\t\t\t<div class=\"elementor-column-wrap elementor-element-populated\">\n\t\t\t\t\t\t\t<div class=\"elementor-widget-wrap\">\n\t\t\t\t\t\t<div class=\"elementor-element elementor-element-406e150c elementor-view-default elementor-vertical-align-top elementor-widget elementor-widget-icon-box\" data-id=\"406e150c\" data-element_type=\"widget\" data-widget_type=\"icon-box.default\">\n\t\t\t\t<div class=\"elementor-widget-container\">\n\t\t\t\t\t<div class=\"elementor-icon-box-wrapper\">\n\t\t\t\t\t\t<div class=\"elementor-icon-box-content\">\n\t\t\t\t<h3 class=\"elementor-icon-box-title\">\n\t\t\t\t\t<span >Desarrollo agropecuario<\/span>\n\t\t\t\t<\/h3>\n\t\t\t\t\t\t\t\t<p class=\"elementor-icon-box-description\">En esta l\u00ednea de investigaci\u00f3n se desarrollan proyectos en donde se hacen propuestas que coadyuven al proceso de cambio sostenido en las actitudes, conocimientos y destrezas de los productores y organizaciones del sector agropecuario<\/p>\n\t\t\t\t\t\t\t<\/div>\n\t\t<\/div>\n\t\t\t\t<\/div>\n\t\t\t\t<\/div>\n\t\t\t\t\t\t<\/div>\n\t\t\t\t\t<\/div>\n\t\t<\/div>\n\t\t\t\t<div class=\"elementor-column elementor-col-33 elementor-inner-column elementor-element elementor-element-6fbb2544\" data-id=\"6fbb2544\" data-element_type=\"column\">\n\t\t\t<div class=\"elementor-column-wrap elementor-element-populated\">\n\t\t\t\t\t\t\t<div class=\"elementor-widget-wrap\">\n\t\t\t\t\t\t<div class=\"elementor-element elementor-element-481f0b9 elementor-view-default elementor-vertical-align-top elementor-widget elementor-widget-icon-box\" data-id=\"481f0b9\" data-element_type=\"widget\" data-widget_type=\"icon-box.default\">\n\t\t\t\t<div class=\"elementor-widget-container\">\n\t\t\t\t\t<div class=\"elementor-icon-box-wrapper\">\n\t\t\t\t\t\t<div class=\"elementor-icon-box-content\">\n\t\t\t\t<h3 class=\"elementor-icon-box-title\">\n\t\t\t\t\t<span >Desarrollo local<\/span>\n\t\t\t\t<\/h3>\n\t\t\t\t\t\t\t\t<p class=\"elementor-icon-box-description\">Esta l\u00ednea de investigaci\u00f3n visualiza al desarrollo local no s\u00f3lo desde la perspectiva del proceso de descentralizaci\u00f3n que responsabiliza a los actores locales de las iniciativas a emprender en pro del bienestar con los recursos end\u00f3genos disponibles, sino que implica m\u00faltiples factores que se conjugan para lograrlo desde la perspectiva de la administraci\u00f3n y de las ciencias sociales. Se consideran elementos del entorno externo y condicionamientos que lo dinamicen, limiten o potencialicen capacidades del entramado social y productivo local, tales como: la innovaci\u00f3n tecnol\u00f3gica, la normatividad institucional, las inversiones p\u00fablicas y privadas, promoci\u00f3n de medidas de racionalizaci\u00f3n de recursos naturales, entre otros<\/p>\n\t\t\t\t\t\t\t<\/div>\n\t\t<\/div>\n\t\t\t\t<\/div>\n\t\t\t\t<\/div>\n\t\t\t\t\t\t<\/div>\n\t\t\t\t\t<\/div>\n\t\t<\/div>\n\t\t\t\t\t\t\t\t<\/div>\n\t\t\t\t\t<\/div>\n\t\t<\/section>\n\t\t\t\t\t\t<\/div>\n\t\t\t\t\t<\/div>\n\t\t<\/div>\n\t\t\t\t\t\t\t\t<\/div>\n\t\t\t\t\t<\/div>\n\t\t<\/section>\n\t\t\t\t\t\t<\/div>\n\t\t\t\t\t\t<\/div>\n\t\t\t\t\t<\/div>\n\t\t","protected":false},"excerpt":{"rendered":"<p>Presentaci\u00f3n La formaci\u00f3n acad\u00e9mica de recursos humanos altamente calificados se ha convertido en la actualidad en un elemento clave para el crecimiento econ\u00f3mico y desarrollo de los pa\u00edses en el mundo. En M\u00e9xico, esta situaci\u00f3n ha sido reconocida al promover programas de mejoramiento en la calidad de la oferta educativa a nivel superior. As\u00ed, en [&hellip;]<\/p>\n","protected":false},"author":1,"featured_media":0,"parent":0,"menu_order":0,"comment_status":"closed","ping_status":"closed","template":"elementor_header_footer","meta":[],"_links":{"self":[{"href":"https:\/\/doctoradoenadmon.uacya-uaz.org\/index.php\/wp-json\/wp\/v2\/pages\/19"}],"collection":[{"href":"https:\/\/doctoradoenadmon.uacya-uaz.org\/index.php\/wp-json\/wp\/v2\/pages"}],"about":[{"href":"https:\/\/doctoradoenadmon.uacya-uaz.org\/index.php\/wp-json\/wp\/v2\/types\/page"}],"author":[{"embeddable":true,"href":"https:\/\/doctoradoenadmon.uacya-uaz.org\/index.php\/wp-json\/wp\/v2\/users\/1"}],"replies":[{"embeddable":true,"href":"https:\/\/doctoradoenadmon.uacya-uaz.org\/index.php\/wp-json\/wp\/v2\/comments?post=19"}],"version-history":[{"count":24,"href":"https:\/\/doctoradoenadmon.uacya-uaz.org\/index.php\/wp-json\/wp\/v2\/pages\/19\/revisions"}],"predecessor-version":[{"id":104,"href":"https:\/\/doctoradoenadmon.uacya-uaz.org\/index.php\/wp-json\/wp\/v2\/pages\/19\/revisions\/104"}],"wp:attachment":[{"href":"https:\/\/doctoradoenadmon.uacya-uaz.org\/index.php\/wp-json\/wp\/v2\/media?parent=19"}],"curies":[{"name":"wp","href":"https:\/\/api.w.org\/{rel}","templated":true}]}}